{"id":844,"date":"2024-03-14T08:47:24","date_gmt":"2024-03-14T08:47:24","guid":{"rendered":"https:\/\/come-as-you.art\/?page_id=844"},"modified":"2024-03-28T16:15:28","modified_gmt":"2024-03-28T16:15:28","slug":"cgv","status":"publish","type":"page","link":"https:\/\/void-technologies.com\/fr\/cgv\/","title":{"rendered":"CGV"},"content":{"rendered":"\t\t<div data-elementor-type=\"wp-page\" data-elementor-id=\"844\" class=\"elementor elementor-844\">\n\t\t\t\t\t\t<section class=\"elementor-section elementor-top-section elementor-element elementor-element-5049a985 elementor-section-boxed elementor-section-height-default elementor-section-height-default\" data-id=\"5049a985\" data-element_type=\"section\" data-settings=\"{&quot;background_background&quot;:&quot;classic&quot;}\">\n\t\t\t\t\t\t<div class=\"elementor-container elementor-column-gap-default\">\n\t\t\t\t\t<div class=\"elementor-column elementor-col-100 elementor-top-column elementor-element elementor-element-7276386f\" data-id=\"7276386f\" data-element_type=\"column\">\n\t\t\t<div class=\"elementor-widget-wrap elementor-element-populated\">\n\t\t\t\t\t\t<div class=\"elementor-element elementor-element-4fa20d90 elementor-widget elementor-widget-heading\" data-id=\"4fa20d90\" data-element_type=\"widget\" data-widget_type=\"heading.default\">\n\t\t\t\t<div class=\"elementor-widget-container\">\n\t\t\t<style>\/*! elementor - v3.20.0 - 26-03-2024 *\/\n.elementor-heading-title{padding:0;margin:0;line-height:1}.elementor-widget-heading .elementor-heading-title[class*=elementor-size-]>a{color:inherit;font-size:inherit;line-height:inherit}.elementor-widget-heading .elementor-heading-title.elementor-size-small{font-size:15px}.elementor-widget-heading .elementor-heading-title.elementor-size-medium{font-size:19px}.elementor-widget-heading .elementor-heading-title.elementor-size-large{font-size:29px}.elementor-widget-heading .elementor-heading-title.elementor-size-xl{font-size:39px}.elementor-widget-heading .elementor-heading-title.elementor-size-xxl{font-size:59px}<\/style><h1 class=\"elementor-heading-title elementor-size-default\">Conditions g\u00e9n\u00e9rales de vente<\/h1>\t\t<\/div>\n\t\t\t\t<\/div>\n\t\t\t\t\t<\/div>\n\t\t<\/div>\n\t\t\t\t\t<\/div>\n\t\t<\/section>\n\t\t\t\t<section class=\"elementor-section elementor-top-section elementor-element elementor-element-273d2b7a elementor-section-boxed elementor-section-height-default elementor-section-height-default\" data-id=\"273d2b7a\" data-element_type=\"section\">\n\t\t\t\t\t\t<div class=\"elementor-container elementor-column-gap-default\">\n\t\t\t\t\t<div class=\"elementor-column elementor-col-100 elementor-top-column elementor-element elementor-element-67e00c80\" data-id=\"67e00c80\" data-element_type=\"column\">\n\t\t\t<div class=\"elementor-widget-wrap elementor-element-populated\">\n\t\t\t\t\t\t<div class=\"elementor-element elementor-element-705493df elementor-widget elementor-widget-heading\" data-id=\"705493df\" data-element_type=\"widget\" data-widget_type=\"heading.default\">\n\t\t\t\t<div class=\"elementor-widget-container\">\n\t\t\t<h2 class=\"elementor-heading-title elementor-size-default\">D\u00e9finition<\/h2>\t\t<\/div>\n\t\t\t\t<\/div>\n\t\t\t\t<div class=\"elementor-element elementor-element-4be16f9b elementor-widget elementor-widget-text-editor\" data-id=\"4be16f9b\" data-element_type=\"widget\" data-widget_type=\"text-editor.default\">\n\t\t\t\t<div class=\"elementor-widget-container\">\n\t\t\t<style>\/*! elementor - v3.20.0 - 26-03-2024 *\/\n.elementor-widget-text-editor.elementor-drop-cap-view-stacked .elementor-drop-cap{background-color:#69727d;color:#fff}.elementor-widget-text-editor.elementor-drop-cap-view-framed .elementor-drop-cap{color:#69727d;border:3px solid;background-color:transparent}.elementor-widget-text-editor:not(.elementor-drop-cap-view-default) .elementor-drop-cap{margin-top:8px}.elementor-widget-text-editor:not(.elementor-drop-cap-view-default) .elementor-drop-cap-letter{width:1em;height:1em}.elementor-widget-text-editor .elementor-drop-cap{float:left;text-align:center;line-height:1;font-size:50px}.elementor-widget-text-editor .elementor-drop-cap-letter{display:inline-block}<\/style>\t\t\t\t<p>Les pr\u00e9sentes conditions g\u00e9n\u00e9rales de vente (ci-dessous d\u00e9sign\u00e9es \u00ab CGV \u00bb) s&rsquo;appliquent \u00e0 toutes les formations et offres de services dispens\u00e9es par VOID TECHNOLOGIES. Toute commande vaut acceptation sans r\u00e9serve par le client des pr\u00e9sentes CGV, qui se porte fort de leurs respects par l\u2019ensemble de ses salari\u00e9s, pr\u00e9pos\u00e9s et agents.<\/p>\t\t\t\t\t\t<\/div>\n\t\t\t\t<\/div>\n\t\t\t\t\t<\/div>\n\t\t<\/div>\n\t\t\t\t\t<\/div>\n\t\t<\/section>\n\t\t\t\t<section class=\"elementor-section elementor-top-section elementor-element elementor-element-1432cf1 elementor-section-boxed elementor-section-height-default elementor-section-height-default\" data-id=\"1432cf1\" data-element_type=\"section\">\n\t\t\t\t\t\t<div class=\"elementor-container elementor-column-gap-default\">\n\t\t\t\t\t<div class=\"elementor-column elementor-col-100 elementor-top-column elementor-element elementor-element-3eb2c625\" data-id=\"3eb2c625\" data-element_type=\"column\">\n\t\t\t<div class=\"elementor-widget-wrap elementor-element-populated\">\n\t\t\t\t\t\t<div class=\"elementor-element elementor-element-22a72847 elementor-widget elementor-widget-text-editor\" data-id=\"22a72847\" data-element_type=\"widget\" data-widget_type=\"text-editor.default\">\n\t\t\t\t<div class=\"elementor-widget-container\">\n\t\t\t\t\t\t\t<div class=\"article-content\"><div class=\"article-content\"><h2 class=\"content-title\">1. R\u00e9servation et Inscription<\/h2><\/div><div class=\"article-content\"><p class=\"content-paragraph\">Toute r\u00e9servation doit faire l\u2019objet d\u2019une confirmation \u00e9crite sous forme d\u2019un bon de commande (ou du\u00a0<a class=\"link\" href=\"https:\/\/api.void-technologies.com\/assets\/files\/inscription_bull.pdf\">bulletin d\u2019inscription VOID TECHNOLOGIES<\/a>) \u00e0 adresser par courrier \u00e0 VOID TECHNOLOGIES, et du retour de la convention de stage sign\u00e9e.<\/p><\/div><div class=\"article-content\"><p class=\"content-paragraph\">En cas de financement par un Organisme Paritaire Collecteur Agr\u00e9\u00e9 (OPCO), la notification de l\u2019OPCO, de votre num\u00e9ro d\u2019adh\u00e9rent et num\u00e9ro de dossier doit nous \u00eatre pr\u00e9cis\u00e9e sur votre bon de commande.\u00a0<span class=\"color-accent\">L\u2019accord de votre OPCO devra nous \u00eatre transmis avant le premier jour de la formation, \u00e0 d\u00e9faut le client sera factur\u00e9 de l\u2019int\u00e9gralit\u00e9 du co\u00fbt du stage<\/span>.<\/p><\/div><div class=\"article-content\"><h2 class=\"content-title\">2. Convention de formation<\/h2><\/div><div class=\"article-content\"><p class=\"content-paragraph\">Pour chaque action de formation une convention \u00e9tablie selon les articles L 6353-1 et L 6353-2 du Code du travail est adress\u00e9e en deux exemplaires dont un est \u00e0 retourner par le Client rev\u00eatu du cachet de l\u2019entreprise.<\/p><\/div><div class=\"article-content\"><h2 class=\"content-title\">3. Convocation de formation<\/h2><\/div><div class=\"article-content\"><p class=\"content-paragraph\">Une convocation est adress\u00e9e au responsable de l\u2019inscription. Elle pr\u00e9cise le titre du stage, le(s) nom(s) du (des) participant(s), la date, les horaires, l\u2019adresse du stage et est accompagn\u00e9e du plan d\u2019acc\u00e8s de notre centre.<\/p><\/div><div class=\"article-content\"><h2 class=\"content-title\">4. Annulation et Report<\/h2><\/div><div class=\"article-content\"><p class=\"content-paragraph\">Toute annulation ou report d&rsquo;inscription de la part du client doit \u00eatre signal\u00e9e et confirm\u00e9e par \u00e9crit.<\/p><\/div><div class=\"article-content\"><ul class=\"container-bullet\"><li class=\"void-bullet content-bullet\">Une annulation intervenant plus de 14 jours calendaires avant le d\u00e9but du stage ne donne lieu \u00e0 aucune facturation<\/li><li class=\"void-bullet content-bullet\">Une annulation intervenant entre 14 et 7 jours calendaires avant le d\u00e9but du stage donne lieu \u00e0 une facturation \u00e9gale \u00e0 50 % du montant du stage.<\/li><li class=\"void-bullet content-bullet\">Une annulation intervenant moins de 7 jours calendaires avant le d\u00e9but du stage donne lieu \u00e0 une facturation du montant int\u00e9gral du stage. Le client est autoris\u00e9 \u00e0 remplacer, sans frais jusqu\u2019\u00e0 la veille du stage, ses stagiaires. Tout stage commenc\u00e9 est consid\u00e9r\u00e9 comme d\u00fb dans son int\u00e9gralit\u00e9. VOID TECHNOLOGIES se r\u00e9serve la possibilit\u00e9 de reporter un stage en cas de nombre d&rsquo;inscrits insuffisant, ou de probl\u00e8me technique. Dans ce cas, les stagiaires inscrits seront pr\u00e9venus au moins 7 jours calendaires avant le d\u00e9but du stage et de nouvelles dates leur seront propos\u00e9es.<\/li><\/ul><\/div><div class=\"article-content\"><h2 class=\"content-title\">5. Non sollicitation de personnel<\/h2><\/div><div class=\"article-content\"><p class=\"content-paragraph\">Le client et ses stagiaires s\u2019engagent \u00e0 ne pas solliciter et\/ou recruter le formateur r\u00e9alisant la prestation ou tout autre personnel d\u2019VOID TECHNOLOGIES avec qui il aurait \u00e9t\u00e9 en contact \u00e0 l\u2019occasion de sa formation. Cet engagement est valable pendant les 12 mois qui suivent la fin de la formation. Il s\u2019applique au personnel salari\u00e9 d\u2019VOID TECHNOLOGIES ainsi qu\u2019\u00e0 nos formateurs et consultants salari\u00e9s et contractuels.<\/p><\/div><div class=\"article-content\"><h2 class=\"content-title\">6. Responsabilit\u00e9<\/h2><\/div><div class=\"article-content\"><p class=\"content-paragraph\">VOID TECHNOLOGIES s&rsquo;engage \u00e0 r\u00e9aliser les prestations de formation avec tout le soin et la comp\u00e9tence dont elle dispose. VOID TECHNOLOGIES n&rsquo;est pas responsable des objets et effets personnels des clients et\/ou stagiaires ni des dommages caus\u00e9s au mat\u00e9riel des clients et\/ou stagiaires. VOID TECHNOLOGIES ne peut en aucun cas \u00eatre d\u00e9clar\u00e9e responsable de tout dommage indirect tels que perte de donn\u00e9es, perte d\u2019exploitation, pr\u00e9judice commercial, manque \u00e0 gagner, atteinte \u00e0 l\u2019image et \u00e0 la r\u00e9putation. Quel que soit le pr\u00e9judice, la responsabilit\u00e9 de VOID TECHNOLOGIES est express\u00e9ment limit\u00e9e au prix effectivement acquitt\u00e9 par le client au titre de la prestation de formation concern\u00e9e.<\/p><\/div><div class=\"article-content\"><h2 class=\"content-title\">7. Facturation<\/h2><\/div><div class=\"article-content\"><p class=\"content-paragraph\">Nos prix sont \u00e9tablis hors taxes. Tout changement de TVA entra\u00eene automatiquement le r\u00e9ajustement des prix TTC. En cas de r\u00e8glement partiel ou de non r\u00e8glement par l\u2019OPCO du client, quelle qu\u2019en soit la cause, la facture devient exigible aupr\u00e8s du client. Nos factures sont r\u00e9glables sous un d\u00e9lai de 30 jours, et sans escompte. En cas de retard de paiement, les sommes restantes dues porteront int\u00e9r\u00eat de plein droit et sans qu\u2019une mise en demeure soit n\u00e9cessaire, au taux de 2 % le mois, sans que cette clause nuise \u00e0 l\u2019exigibilit\u00e9 de la dette. En tout \u00e9tat de cause, tout client en situation de retard de paiement sera de plein droit d\u00e9biteur \u00e0 l&rsquo;\u00e9gard de VOID TECHNOLOGIES, d&rsquo;une indemnit\u00e9 forfaitaire minimale de 40 \u20ac pour frais de recouvrement (Article D.441-5 du Code de Commerce).<\/p><\/div><div class=\"article-content\"><h2 class=\"content-title\">8. Communication<\/h2><\/div><div class=\"article-content\"><p class=\"content-paragraph\">Le Client accepte d\u2019\u00eatre cit\u00e9 par VOID TECHNOLOGIES comme client de ses offres de services. Sous r\u00e9serve du respect des dispositions de l\u2019article 7.5, VOID TECHNOLOGIES peut mentionner le nom du Client, son logo ainsi qu\u2019une description objective de la nature des prestations, objet du contrat, dans ses listes de r\u00e9f\u00e9rences et propositions \u00e0 l\u2019attention de ses prospects et clients notamment sur son site internet, entretiens avec des tiers, communications \u00e0 son personnel, ainsi qu\u2019en cas de dispositions l\u00e9gales, r\u00e9glementaires ou comptables l\u2019exigeant.<\/p><\/div><div class=\"article-content\"><h2 class=\"content-title\">9. Propri\u00e9t\u00e9 intellectuelle<\/h2><\/div><div class=\"article-content\"><p class=\"content-paragraph\">Le client s\u2019interdit d\u2019utiliser le contenu des formations pour former d\u2019autres personnes que son propre personnel et engage sa responsabilit\u00e9 sur le fondement des articles L. 122-4 et L.335-2 et suivant du code de la propri\u00e9t\u00e9 intellectuelle en cas de cession ou de communication des contenus non autoris\u00e9e. Toute reproduction, repr\u00e9sentation, modification, publication, transmission, d\u00e9naturation, totale ou partielle des contenus de formations sont strictement interdites, et ce quels que soient le proc\u00e9d\u00e9 et le support utilis\u00e9s. La responsabilit\u00e9 du client serait engag\u00e9e si un usage non autoris\u00e9 \u00e9tait fait des logiciels ou support de stage. Les supports de formation restent la propri\u00e9t\u00e9 exclusive de VOID TECHNOLOGIES et\/ou du formateur.<\/p><\/div><div class=\"article-content\">\u00a0<\/div><div class=\"article-content\"><h2 class=\"content-title\">10. Droit applicable<\/h2><\/div><div class=\"article-content\"><p class=\"content-paragraph\">Les contrats \u00e9mis par VOID TECHNOLOGIES sont soumis au droit fran\u00e7ais. En cas de litige relatif \u00e0 l\u2019ex\u00e9cution du contrat, au paiement du prix, \u00e0 l\u2019interpr\u00e9tation ou l\u2019ex\u00e9cution des pr\u00e9sentes CGV, une solution amiable sera tout d\u2019abord recherch\u00e9e. A d\u00e9faut le Tribunal de Commerce de TOULOUSE sera r\u00e9put\u00e9 seul comp\u00e9tent.<\/p><\/div><\/div>\t\t\t\t\t\t<\/div>\n\t\t\t\t<\/div>\n\t\t\t\t\t<\/div>\n\t\t<\/div>\n\t\t\t\t\t<\/div>\n\t\t<\/section>\n\t\t\t\t<\/div>\n\t\t","protected":false},"excerpt":{"rendered":"<p>Conditions g\u00e9n\u00e9rales de vente D\u00e9finition Les pr\u00e9sentes conditions g\u00e9n\u00e9rales de vente (ci-dessous d\u00e9sign\u00e9es \u00ab CGV \u00bb) s&rsquo;appliquent \u00e0 toutes les formations et [&hellip;]<\/p>\n","protected":false},"author":1,"featured_media":984,"parent":0,"menu_order":0,"comment_status":"closed","ping_status":"closed","template":"","meta":{"footnotes":""},"class_list":["post-844","page","type-page","status-publish","has-post-thumbnail","hentry"],"yoast_head":"<!-- This site is optimized with the Yoast SEO plugin v22.3 - https:\/\/yoast.com\/wordpress\/plugins\/seo\/ -->\n<title>CGV - VOID Technologies<\/title>\n<meta name=\"description\" content=\"Les pr\u00e9sentes conditions g\u00e9n\u00e9rales de vente (ci-dessous d\u00e9sign\u00e9es \u00ab CGV \u00bb) s\u2019appliquent \u00e0 toutes les formations et offres de services...\" \/>\n<meta name=\"robots\" content=\"index, follow, max-snippet:-1, max-image-preview:large, max-video-preview:-1\" \/>\n<link rel=\"canonical\" href=\"https:\/\/void-technologies.com\/fr\/cgv\/\" \/>\n<meta property=\"og:locale\" content=\"fr_FR\" \/>\n<meta property=\"og:type\" content=\"article\" \/>\n<meta property=\"og:title\" content=\"CGV - VOID Technologies\" \/>\n<meta property=\"og:description\" content=\"Les pr\u00e9sentes conditions g\u00e9n\u00e9rales de vente (ci-dessous d\u00e9sign\u00e9es \u00ab CGV \u00bb) s\u2019appliquent \u00e0 toutes les formations et offres de services...\" \/>\n<meta property=\"og:url\" content=\"https:\/\/void-technologies.com\/fr\/cgv\/\" \/>\n<meta property=\"og:site_name\" content=\"VOID Technologies\" \/>\n<meta property=\"article:modified_time\" content=\"2024-03-28T16:15:28+00:00\" \/>\n<meta property=\"og:image\" content=\"https:\/\/void-technologies.com\/wp-content\/uploads\/2024\/03\/square.png\" \/>\n\t<meta property=\"og:image:width\" content=\"500\" \/>\n\t<meta property=\"og:image:height\" content=\"500\" \/>\n\t<meta property=\"og:image:type\" content=\"image\/png\" \/>\n<meta name=\"twitter:card\" content=\"summary_large_image\" \/>\n<meta name=\"twitter:label1\" content=\"Dur\u00e9e de lecture estim\u00e9e\" \/>\n\t<meta name=\"twitter:data1\" content=\"5 minutes\" \/>\n<script type=\"application\/ld+json\" class=\"yoast-schema-graph\">{\"@context\":\"https:\/\/schema.org\",\"@graph\":[{\"@type\":\"WebPage\",\"@id\":\"https:\/\/void-technologies.com\/en\/cgv\/\",\"url\":\"https:\/\/void-technologies.com\/en\/cgv\/\",\"name\":\"CGV - VOID Technologies\",\"isPartOf\":{\"@id\":\"https:\/\/void-technologies.com\/fr\/#website\"},\"primaryImageOfPage\":{\"@id\":\"https:\/\/void-technologies.com\/en\/cgv\/#primaryimage\"},\"image\":{\"@id\":\"https:\/\/void-technologies.com\/en\/cgv\/#primaryimage\"},\"thumbnailUrl\":\"https:\/\/void-technologies.com\/wp-content\/uploads\/2024\/03\/square.png\",\"datePublished\":\"2024-03-14T08:47:24+00:00\",\"dateModified\":\"2024-03-28T16:15:28+00:00\",\"description\":\"Les pr\u00e9sentes conditions g\u00e9n\u00e9rales de vente (ci-dessous d\u00e9sign\u00e9es \u00ab CGV \u00bb) s\u2019appliquent \u00e0 toutes les formations et offres de services...\",\"breadcrumb\":{\"@id\":\"https:\/\/void-technologies.com\/en\/cgv\/#breadcrumb\"},\"inLanguage\":\"fr-FR\",\"potentialAction\":[{\"@type\":\"ReadAction\",\"target\":[\"https:\/\/void-technologies.com\/en\/cgv\/\"]}]},{\"@type\":\"ImageObject\",\"inLanguage\":\"fr-FR\",\"@id\":\"https:\/\/void-technologies.com\/en\/cgv\/#primaryimage\",\"url\":\"https:\/\/void-technologies.com\/wp-content\/uploads\/2024\/03\/square.png\",\"contentUrl\":\"https:\/\/void-technologies.com\/wp-content\/uploads\/2024\/03\/square.png\",\"width\":500,\"height\":500},{\"@type\":\"BreadcrumbList\",\"@id\":\"https:\/\/void-technologies.com\/en\/cgv\/#breadcrumb\",\"itemListElement\":[{\"@type\":\"ListItem\",\"position\":1,\"name\":\"Home\",\"item\":\"https:\/\/void-technologies.com\/fr\/\"},{\"@type\":\"ListItem\",\"position\":2,\"name\":\"CGV\"}]},{\"@type\":\"WebSite\",\"@id\":\"https:\/\/void-technologies.com\/fr\/#website\",\"url\":\"https:\/\/void-technologies.com\/fr\/\",\"name\":\"VOID Technologies\",\"description\":\"\",\"potentialAction\":[{\"@type\":\"SearchAction\",\"target\":{\"@type\":\"EntryPoint\",\"urlTemplate\":\"https:\/\/void-technologies.com\/fr\/?s={search_term_string}\"},\"query-input\":\"required name=search_term_string\"}],\"inLanguage\":\"fr-FR\"}]}<\/script>\n<!-- \/ Yoast SEO plugin. -->","yoast_head_json":{"title":"CGV - VOID Technologies","description":"Les pr\u00e9sentes conditions g\u00e9n\u00e9rales de vente (ci-dessous d\u00e9sign\u00e9es \u00ab CGV \u00bb) s\u2019appliquent \u00e0 toutes les formations et offres de services...","robots":{"index":"index","follow":"follow","max-snippet":"max-snippet:-1","max-image-preview":"max-image-preview:large","max-video-preview":"max-video-preview:-1"},"canonical":"https:\/\/void-technologies.com\/fr\/cgv\/","og_locale":"fr_FR","og_type":"article","og_title":"CGV - VOID Technologies","og_description":"Les pr\u00e9sentes conditions g\u00e9n\u00e9rales de vente (ci-dessous d\u00e9sign\u00e9es \u00ab CGV \u00bb) s\u2019appliquent \u00e0 toutes les formations et offres de services...","og_url":"https:\/\/void-technologies.com\/fr\/cgv\/","og_site_name":"VOID Technologies","article_modified_time":"2024-03-28T16:15:28+00:00","og_image":[{"width":500,"height":500,"url":"https:\/\/void-technologies.com\/wp-content\/uploads\/2024\/03\/square.png","type":"image\/png"}],"twitter_card":"summary_large_image","twitter_misc":{"Dur\u00e9e de lecture estim\u00e9e":"5 minutes"},"schema":{"@context":"https:\/\/schema.org","@graph":[{"@type":"WebPage","@id":"https:\/\/void-technologies.com\/en\/cgv\/","url":"https:\/\/void-technologies.com\/en\/cgv\/","name":"CGV - VOID Technologies","isPartOf":{"@id":"https:\/\/void-technologies.com\/fr\/#website"},"primaryImageOfPage":{"@id":"https:\/\/void-technologies.com\/en\/cgv\/#primaryimage"},"image":{"@id":"https:\/\/void-technologies.com\/en\/cgv\/#primaryimage"},"thumbnailUrl":"https:\/\/void-technologies.com\/wp-content\/uploads\/2024\/03\/square.png","datePublished":"2024-03-14T08:47:24+00:00","dateModified":"2024-03-28T16:15:28+00:00","description":"Les pr\u00e9sentes conditions g\u00e9n\u00e9rales de vente (ci-dessous d\u00e9sign\u00e9es \u00ab CGV \u00bb) s\u2019appliquent \u00e0 toutes les formations et offres de services...","breadcrumb":{"@id":"https:\/\/void-technologies.com\/en\/cgv\/#breadcrumb"},"inLanguage":"fr-FR","potentialAction":[{"@type":"ReadAction","target":["https:\/\/void-technologies.com\/en\/cgv\/"]}]},{"@type":"ImageObject","inLanguage":"fr-FR","@id":"https:\/\/void-technologies.com\/en\/cgv\/#primaryimage","url":"https:\/\/void-technologies.com\/wp-content\/uploads\/2024\/03\/square.png","contentUrl":"https:\/\/void-technologies.com\/wp-content\/uploads\/2024\/03\/square.png","width":500,"height":500},{"@type":"BreadcrumbList","@id":"https:\/\/void-technologies.com\/en\/cgv\/#breadcrumb","itemListElement":[{"@type":"ListItem","position":1,"name":"Home","item":"https:\/\/void-technologies.com\/fr\/"},{"@type":"ListItem","position":2,"name":"CGV"}]},{"@type":"WebSite","@id":"https:\/\/void-technologies.com\/fr\/#website","url":"https:\/\/void-technologies.com\/fr\/","name":"VOID Technologies","description":"","potentialAction":[{"@type":"SearchAction","target":{"@type":"EntryPoint","urlTemplate":"https:\/\/void-technologies.com\/fr\/?s={search_term_string}"},"query-input":"required name=search_term_string"}],"inLanguage":"fr-FR"}]}},"_links":{"self":[{"href":"https:\/\/void-technologies.com\/fr\/wp-json\/wp\/v2\/pages\/844","targetHints":{"allow":["GET"]}}],"collection":[{"href":"https:\/\/void-technologies.com\/fr\/wp-json\/wp\/v2\/pages"}],"about":[{"href":"https:\/\/void-technologies.com\/fr\/wp-json\/wp\/v2\/types\/page"}],"author":[{"embeddable":true,"href":"https:\/\/void-technologies.com\/fr\/wp-json\/wp\/v2\/users\/1"}],"replies":[{"embeddable":true,"href":"https:\/\/void-technologies.com\/fr\/wp-json\/wp\/v2\/comments?post=844"}],"version-history":[{"count":4,"href":"https:\/\/void-technologies.com\/fr\/wp-json\/wp\/v2\/pages\/844\/revisions"}],"predecessor-version":[{"id":849,"href":"https:\/\/void-technologies.com\/fr\/wp-json\/wp\/v2\/pages\/844\/revisions\/849"}],"wp:featuredmedia":[{"embeddable":true,"href":"https:\/\/void-technologies.com\/fr\/wp-json\/wp\/v2\/media\/984"}],"wp:attachment":[{"href":"https:\/\/void-technologies.com\/fr\/wp-json\/wp\/v2\/media?parent=844"}],"curies":[{"name":"wp","href":"https:\/\/api.w.org\/{rel}","templated":true}]}}